{"id":15198,"date":"2024-05-17T09:57:31","date_gmt":"2024-05-17T09:57:31","guid":{"rendered":"https:\/\/mastick.be\/index.php\/about\/"},"modified":"2025-01-11T20:52:37","modified_gmt":"2025-01-11T20:52:37","slug":"about","status":"publish","type":"page","link":"https:\/\/mastick.be\/index.php\/about\/","title":{"rendered":"Qui sommes-nous ?"},"content":{"rendered":"\t\t<div data-elementor-type=\"wp-page\" data-elementor-id=\"15198\" class=\"elementor elementor-15198\" data-elementor-post-type=\"page\">\n\t\t\t\t<div class=\"elementor-element elementor-element-2ec08f7 e-con-full e-flex e-con e-parent\" data-id=\"2ec08f7\" data-element_type=\"container\">\n\t\t<div class=\"elementor-element elementor-element-09274b7 e-flex e-con-boxed e-con e-child\" data-id=\"09274b7\" data-element_type=\"container\">\n\t\t\t\t\t<div class=\"e-con-inner\">\n\t\t\t\t<div class=\"elementor-element elementor-element-7d663d1 elementor-widget__width-initial content-align-left the7-hover-visibility-disabled preserve-img-ratio-cover transform-overlay-yes exceeding-frame-yes elementor-widget elementor-widget-the7-image-widget\" data-id=\"7d663d1\" data-element_type=\"widget\" data-settings=\"{&quot;hover_visibility&quot;:&quot;disabled&quot;}\" data-widget_type=\"the7-image-widget.default\">\n\t\t\t\t<div class=\"elementor-widget-container\">\n\t\t\t\t\t<div class=\"the7-image-container\"><div class=\"the7-image-wrapper the7-elementor-widget the7-transform-container\"><div class=\"post-thumbnail-rollover layzr-bg img-css-resize-wrapper\"><img fetchpriority=\"high\" decoding=\"async\" width=\"300\" height=\"206\" src=\"data:image\/svg+xml,%3Csvg%20xmlns%3D&#039;http%3A%2F%2Fwww.w3.org%2F2000%2Fsvg&#039;%20viewBox%3D&#039;0%200%20300%20206&#039;%2F%3E\" class=\"attachment-medium size-medium preload-me aspect lazy lazy-load\" alt=\"\" sizes=\"(max-width: 300px) 100vw, 300px\" style=\"--ratio: 300 \/ 206;\" data-src=\"https:\/\/mastick.be\/wp-content\/uploads\/2024\/11\/mastick-n-300x206.png\" loading=\"eager\" data-srcset=\"https:\/\/mastick.be\/wp-content\/uploads\/2024\/11\/mastick-n-300x206.png 300w, https:\/\/mastick.be\/wp-content\/uploads\/2024\/11\/mastick-n-500x344.png 500w, https:\/\/mastick.be\/wp-content\/uploads\/2024\/11\/mastick-n.png 680w\" \/><\/div><\/div><\/div>\t\t\t\t<\/div>\n\t\t\t\t<\/div>\n\t\t<div class=\"elementor-element elementor-element-f05bd30 e-con-full e-flex e-con e-child\" data-id=\"f05bd30\" data-element_type=\"container\">\n\t\t\t\t<div class=\"elementor-element elementor-element-9925be2 elementor-widget-tablet__width-inherit elementor-widget elementor-widget-the7-heading\" data-id=\"9925be2\" data-element_type=\"widget\" data-widget_type=\"the7-heading.default\">\n\t\t\t\t<div class=\"elementor-widget-container\">\n\t\t\t\t\t<h2 class=\"the7-heading-title elementor-size-default\">Chez Mastick...<\/h2>\t\t\t\t<\/div>\n\t\t\t\t<\/div>\n\t\t\t\t<div class=\"elementor-element elementor-element-9dfa89e elementor-widget-tablet__width-inherit elementor-widget elementor-widget-text-editor\" data-id=\"9dfa89e\" data-element_type=\"widget\" data-widget_type=\"text-editor.default\">\n\t\t\t\t<div class=\"elementor-widget-container\">\n\t\t\t\t\t\t\t\t\t<p>&#8230;nous cr\u00e9ons des stickers uniques et <strong>personnalis\u00e9s<\/strong> pour voitures, murs, lettrages et plus encore. Notre entreprise combine expertise technique et <strong>passion<\/strong> pour les mat\u00e9riaux de qualit\u00e9.<\/p><p>Nous transformons <strong>vos id\u00e9es<\/strong> en \u0153uvres d&rsquo;art adh\u00e9sives, en garantissant cr\u00e9ativit\u00e9, pr\u00e9cision et satisfaction. Que vous cherchiez \u00e0 <strong>personnaliser un v\u00e9hicule<\/strong>, d\u00e9corer un int\u00e9rieur ou promouvoir votre entreprise, Mastick est l\u00e0 pour r\u00e9aliser vos projets avec style.<\/p>\t\t\t\t\t\t\t\t<\/div>\n\t\t\t\t<\/div>\n\t\t\t\t<\/div>\n\t\t\t\t\t<\/div>\n\t\t\t\t<\/div>\n\t\t\t\t<\/div>\n\t\t<div class=\"elementor-element elementor-element-413ae9f e-con-full e-flex e-con e-parent\" data-id=\"413ae9f\" data-element_type=\"container\">\n\t\t<div class=\"elementor-element elementor-element-fa4fe76 e-flex e-con-boxed e-con e-child\" data-id=\"fa4fe76\" data-element_type=\"container\">\n\t\t\t\t\t<div class=\"e-con-inner\">\n\t\t<div class=\"elementor-element elementor-element-6de48a5 e-con-full e-flex e-con e-child\" data-id=\"6de48a5\" data-element_type=\"container\">\n\t\t\t\t<div class=\"elementor-element elementor-element-516d938 elementor-widget-tablet__width-inherit elementor-widget elementor-widget-the7-heading\" data-id=\"516d938\" data-element_type=\"widget\" data-widget_type=\"the7-heading.default\">\n\t\t\t\t<div class=\"elementor-widget-container\">\n\t\t\t\t\t<h2 class=\"the7-heading-title elementor-size-default\">Notre histoire<\/h2>\t\t\t\t<\/div>\n\t\t\t\t<\/div>\n\t\t\t\t<div class=\"elementor-element elementor-element-2a20f02 elementor-widget-tablet__width-inherit elementor-widget elementor-widget-text-editor\" data-id=\"2a20f02\" data-element_type=\"widget\" data-widget_type=\"text-editor.default\">\n\t\t\t\t<div class=\"elementor-widget-container\">\n\t\t\t\t\t\t\t\t\t<p>Fond\u00e9e en 2020, Mastick est n\u00e9e d&rsquo;une passion pour la cr\u00e9ation de stickers. Notre premier projet, un lettrage pour une entreprise de toiture, a marqu\u00e9 le d\u00e9but de notre aventure.<\/p><p>Depuis, nous avons \u00e9volu\u00e9 en investissant dans des machines de et en am\u00e9liorant la qualit\u00e9 de nos mat\u00e9riaux. Nous avons \u00e9galement suivi des formations pour \u00e9largir notre savoir-faire, notamment dans le covering de voitures et le recouvrement de meubles (coverstyl).<\/p><p>Aujourd&rsquo;hui, nous offrons une vari\u00e9t\u00e9 de stickers pour r\u00e9pondre aux besoins de nos clients, avec toujours la m\u00eame attention aux d\u00e9tails et la qualit\u00e9. Notre objectif est de continuer \u00e0 nous d\u00e9velopper tout en restant fid\u00e8les \u00e0 nos valeurs.<\/p>\t\t\t\t\t\t\t\t<\/div>\n\t\t\t\t<\/div>\n\t\t\t\t<\/div>\n\t\t<div class=\"elementor-element elementor-element-8b0201e e-con-full e-flex e-con e-child\" data-id=\"8b0201e\" data-element_type=\"container\">\n\t\t<div class=\"elementor-element elementor-element-ea30d69 e-con-full e-flex e-con e-child\" data-id=\"ea30d69\" data-element_type=\"container\">\n\t\t\t\t<div class=\"elementor-element elementor-element-484ce05 content-align-left the7-hover-visibility-disabled preserve-img-ratio-cover transform-overlay-yes exceeding-frame-yes elementor-widget elementor-widget-the7-image-widget\" data-id=\"484ce05\" data-element_type=\"widget\" data-settings=\"{&quot;hover_visibility&quot;:&quot;disabled&quot;}\" data-widget_type=\"the7-image-widget.default\">\n\t\t\t\t<div class=\"elementor-widget-container\">\n\t\t\t\t\t<div class=\"the7-image-container\"><div class=\"the7-image-wrapper the7-elementor-widget the7-transform-container\"><div class=\"post-thumbnail-rollover layzr-bg img-css-resize-wrapper\"><img decoding=\"async\" width=\"1080\" height=\"1080\" src=\"data:image\/svg+xml,%3Csvg%20xmlns%3D&#039;http%3A%2F%2Fwww.w3.org%2F2000%2Fsvg&#039;%20viewBox%3D&#039;0%200%201080%201080&#039;%2F%3E\" class=\"attachment-full size-full preload-me aspect lazy lazy-load\" alt=\"\" sizes=\"(max-width: 1080px) 100vw, 1080px\" style=\"--ratio: 1080 \/ 1080;\" data-src=\"https:\/\/mastick.be\/wp-content\/uploads\/2025\/01\/my_file-1.png\" loading=\"eager\" data-srcset=\"https:\/\/mastick.be\/wp-content\/uploads\/2025\/01\/my_file-1.png 1080w, https:\/\/mastick.be\/wp-content\/uploads\/2025\/01\/my_file-1-300x300.png 300w, https:\/\/mastick.be\/wp-content\/uploads\/2025\/01\/my_file-1-1024x1024.png 1024w, https:\/\/mastick.be\/wp-content\/uploads\/2025\/01\/my_file-1-150x150.png 150w, https:\/\/mastick.be\/wp-content\/uploads\/2025\/01\/my_file-1-768x768.png 768w, https:\/\/mastick.be\/wp-content\/uploads\/2025\/01\/my_file-1-500x500.png 500w, https:\/\/mastick.be\/wp-content\/uploads\/2025\/01\/my_file-1-200x200.png 200w\" \/><\/div><\/div><\/div>\t\t\t\t<\/div>\n\t\t\t\t<\/div>\n\t\t\t\t<\/div>\n\t\t<div class=\"elementor-element elementor-element-7bca31b e-con-full e-flex e-con e-child\" data-id=\"7bca31b\" data-element_type=\"container\">\n\t\t\t\t<div class=\"elementor-element elementor-element-586390d elementor-widget__width-initial content-align-center preserve-img-ratio-contain the7-hover-visibility-disabled transform-overlay-yes exceeding-frame-yes elementor-widget elementor-widget-the7-image-widget\" data-id=\"586390d\" data-element_type=\"widget\" data-settings=\"{&quot;hover_visibility&quot;:&quot;disabled&quot;}\" data-widget_type=\"the7-image-widget.default\">\n\t\t\t\t<div class=\"elementor-widget-container\">\n\t\t\t\t\t<div class=\"the7-image-container\"><div class=\"the7-image-wrapper the7-elementor-widget the7-transform-container\"><div class=\"post-thumbnail-rollover layzr-bg img-css-resize-wrapper\"><img decoding=\"async\" width=\"3002\" height=\"1768\" src=\"data:image\/svg+xml,%3Csvg%20xmlns%3D&#039;http%3A%2F%2Fwww.w3.org%2F2000%2Fsvg&#039;%20viewBox%3D&#039;0%200%203002%201768&#039;%2F%3E\" class=\"attachment-full size-full preload-me aspect lazy lazy-load\" alt=\"\" sizes=\"(max-width: 3002px) 100vw, 3002px\" style=\"--ratio: 3002 \/ 1768;\" data-src=\"https:\/\/mastick.be\/wp-content\/uploads\/2025\/01\/Logo_Wrap_Institute_logo_T_LOGO.png\" loading=\"eager\" data-srcset=\"https:\/\/mastick.be\/wp-content\/uploads\/2025\/01\/Logo_Wrap_Institute_logo_T_LOGO.png 3002w, https:\/\/mastick.be\/wp-content\/uploads\/2025\/01\/Logo_Wrap_Institute_logo_T_LOGO-300x177.png 300w, https:\/\/mastick.be\/wp-content\/uploads\/2025\/01\/Logo_Wrap_Institute_logo_T_LOGO-1024x603.png 1024w, https:\/\/mastick.be\/wp-content\/uploads\/2025\/01\/Logo_Wrap_Institute_logo_T_LOGO-768x452.png 768w, https:\/\/mastick.be\/wp-content\/uploads\/2025\/01\/Logo_Wrap_Institute_logo_T_LOGO-1536x905.png 1536w, https:\/\/mastick.be\/wp-content\/uploads\/2025\/01\/Logo_Wrap_Institute_logo_T_LOGO-2048x1206.png 2048w, https:\/\/mastick.be\/wp-content\/uploads\/2025\/01\/Logo_Wrap_Institute_logo_T_LOGO-500x294.png 500w\" \/><\/div><\/div><\/div>\t\t\t\t<\/div>\n\t\t\t\t<\/div>\n\t\t\t\t<div class=\"elementor-element elementor-element-e91f259 preserve-img-ratio-contain content-align-left the7-hover-visibility-disabled transform-overlay-yes exceeding-frame-yes elementor-widget elementor-widget-the7-image-widget\" data-id=\"e91f259\" data-element_type=\"widget\" data-settings=\"{&quot;hover_visibility&quot;:&quot;disabled&quot;}\" data-widget_type=\"the7-image-widget.default\">\n\t\t\t\t<div class=\"elementor-widget-container\">\n\t\t\t\t\t<div class=\"the7-image-container\"><div class=\"the7-image-wrapper the7-elementor-widget the7-transform-container\"><div class=\"post-thumbnail-rollover layzr-bg img-css-resize-wrapper\"><img decoding=\"async\" width=\"1920\" height=\"852\" src=\"data:image\/svg+xml,%3Csvg%20xmlns%3D&#039;http%3A%2F%2Fwww.w3.org%2F2000%2Fsvg&#039;%20viewBox%3D&#039;0%200%201920%20852&#039;%2F%3E\" class=\"attachment-full size-full preload-me aspect lazy lazy-load\" alt=\"\" sizes=\"(max-width: 1920px) 100vw, 1920px\" style=\"--ratio: 1920 \/ 852;\" data-src=\"https:\/\/mastick.be\/wp-content\/uploads\/2025\/01\/Avery_Dennison_-_Logo.png\" loading=\"eager\" data-srcset=\"https:\/\/mastick.be\/wp-content\/uploads\/2025\/01\/Avery_Dennison_-_Logo.png 1920w, https:\/\/mastick.be\/wp-content\/uploads\/2025\/01\/Avery_Dennison_-_Logo-300x133.png 300w, https:\/\/mastick.be\/wp-content\/uploads\/2025\/01\/Avery_Dennison_-_Logo-1024x454.png 1024w, https:\/\/mastick.be\/wp-content\/uploads\/2025\/01\/Avery_Dennison_-_Logo-768x341.png 768w, https:\/\/mastick.be\/wp-content\/uploads\/2025\/01\/Avery_Dennison_-_Logo-1536x682.png 1536w, https:\/\/mastick.be\/wp-content\/uploads\/2025\/01\/Avery_Dennison_-_Logo-2048x909.png 2048w, https:\/\/mastick.be\/wp-content\/uploads\/2025\/01\/Avery_Dennison_-_Logo-500x222.png 500w\" \/><\/div><\/div><\/div>\t\t\t\t<\/div>\n\t\t\t\t<\/div>\n\t\t\t\t<\/div>\n\t\t\t\t<\/div>\n\t\t\t\t\t<\/div>\n\t\t\t\t<\/div>\n\t\t\t\t<\/div>\n\t\t\t\t<\/div>\n\t\t","protected":false},"excerpt":{"rendered":"<p>Chez Mastick&#8230; &#8230;nous cr\u00e9ons des stickers uniques et personnalis\u00e9s pour voitures, murs, lettrages et plus encore. Notre entreprise combine expertise technique et passion pour les mat\u00e9riaux de qualit\u00e9. Nous transformons vos id\u00e9es en \u0153uvres d&rsquo;art adh\u00e9sives, en garantissant cr\u00e9ativit\u00e9, pr\u00e9cision et satisfaction. Que vous cherchiez \u00e0 personnaliser un v\u00e9hicule, d\u00e9corer un int\u00e9rieur ou promouvoir votre&hellip;<\/p>\n","protected":false},"author":1,"featured_media":15113,"parent":0,"menu_order":10,"comment_status":"closed","ping_status":"closed","template":"","meta":{"footnotes":""},"class_list":["post-15198","page","type-page","status-publish","has-post-thumbnail","hentry"],"_links":{"self":[{"href":"https:\/\/mastick.be\/index.php\/wp-json\/wp\/v2\/pages\/15198","targetHints":{"allow":["GET"]}}],"collection":[{"href":"https:\/\/mastick.be\/index.php\/wp-json\/wp\/v2\/pages"}],"about":[{"href":"https:\/\/mastick.be\/index.php\/wp-json\/wp\/v2\/types\/page"}],"author":[{"embeddable":true,"href":"https:\/\/mastick.be\/index.php\/wp-json\/wp\/v2\/users\/1"}],"replies":[{"embeddable":true,"href":"https:\/\/mastick.be\/index.php\/wp-json\/wp\/v2\/comments?post=15198"}],"version-history":[{"count":7,"href":"https:\/\/mastick.be\/index.php\/wp-json\/wp\/v2\/pages\/15198\/revisions"}],"predecessor-version":[{"id":21031,"href":"https:\/\/mastick.be\/index.php\/wp-json\/wp\/v2\/pages\/15198\/revisions\/21031"}],"wp:featuredmedia":[{"embeddable":true,"href":"https:\/\/mastick.be\/index.php\/wp-json\/wp\/v2\/media\/15113"}],"wp:attachment":[{"href":"https:\/\/mastick.be\/index.php\/wp-json\/wp\/v2\/media?parent=15198"}],"curies":[{"name":"wp","href":"https:\/\/api.w.org\/{rel}","templated":true}]}}